{"id":1185,"date":"2025-10-29T20:33:11","date_gmt":"2025-10-29T19:33:11","guid":{"rendered":"https:\/\/charifundwp.wowtheme7.com\/?page_id=1185"},"modified":"2025-11-19T00:08:40","modified_gmt":"2025-11-18T23:08:40","slug":"programas","status":"publish","type":"page","link":"https:\/\/funmanosqueayudan.org\/index.php\/programas\/","title":{"rendered":"Programas"},"content":{"rendered":"\t\t<div data-elementor-type=\"wp-page\" data-elementor-id=\"1185\" class=\"elementor elementor-1185\">\n\t\t\t\t<div class=\"elementor-element elementor-element-a47360d e-flex e-con-boxed e-con e-parent\" data-id=\"a47360d\" data-element_type=\"container\">\n\t\t\t\t\t<div class=\"e-con-inner\">\n\t\t<div class=\"elementor-element elementor-element-03bdb36 e-con-full e-flex e-con e-child\" data-id=\"03bdb36\" data-element_type=\"container\">\n\t\t\t\t<div class=\"elementor-element elementor-element-d47e9e4 elementor-absolute elementor-hidden-tablet elementor-hidden-mobile elementor-widget elementor-widget-image\" data-id=\"d47e9e4\" data-element_type=\"widget\" data-settings=\"{&quot;_position&quot;:&quot;absolute&quot;}\" data-widget_type=\"image.default\">\n\t\t\t\t\t\t\t\t\t\t\t\t\t\t\t<img fetchpriority=\"high\" decoding=\"async\" width=\"210\" height=\"321\" src=\"https:\/\/funmanosqueayudan.org\/wp-content\/uploads\/2025\/04\/about-one-shape-hand.png\" class=\"attachment-large size-large wp-image-2767\" alt=\"\" srcset=\"https:\/\/funmanosqueayudan.org\/wp-content\/uploads\/2025\/04\/about-one-shape-hand.png 210w, https:\/\/funmanosqueayudan.org\/wp-content\/uploads\/2025\/04\/about-one-shape-hand-196x300.png 196w\" sizes=\"(max-width: 210px) 100vw, 210px\" \/>\t\t\t\t\t\t\t\t\t\t\t\t\t\t\t<\/div>\n\t\t<div class=\"elementor-element elementor-element-ba5282d e-con-full e-flex e-con e-child\" data-id=\"ba5282d\" data-element_type=\"container\">\n\t\t\t\t<div class=\"elementor-element elementor-element-d8f8896 elementor-align-center elementor-icon-list--layout-traditional elementor-list-item-link-full_width elementor-widget elementor-widget-icon-list\" data-id=\"d8f8896\" data-element_type=\"widget\" data-widget_type=\"icon-list.default\">\n\t\t\t\t\t\t\t<ul class=\"elementor-icon-list-items\">\n\t\t\t\t\t\t\t<li class=\"elementor-icon-list-item\">\n\t\t\t\t\t\t\t\t\t\t\t<span class=\"elementor-icon-list-icon\">\n\t\t\t\t\t\t\t<i aria-hidden=\"true\" class=\" icon-donation\"><\/i>\t\t\t\t\t\t<\/span>\n\t\t\t\t\t\t\t\t\t\t<span class=\"elementor-icon-list-text\">Nos unen los necesitados<\/span>\n\t\t\t\t\t\t\t\t\t<\/li>\n\t\t\t\t\t\t<\/ul>\n\t\t\t\t\t\t<\/div>\n\t\t\t\t<div class=\"elementor-element elementor-element-594eb87 elementor-widget elementor-widget-charifund-heading-title-widget\" data-id=\"594eb87\" data-element_type=\"widget\" data-widget_type=\"charifund-heading-title-widget.default\">\n\t\t\t\t<div class=\"elementor-widget-container\">\n\t\t\t\t\t\r\n\t\r\n\r\n<div class=\"section__header p-0 m-0\">\r\n\t<h2 class=\"title-animation\">Fundaci\u00f3n Manos que ayudan<\/h2>\r\n<\/div>\r\n\r\n\t\r\n\r\n             \r\n\t\t\t\t\t\t<\/div>\n\t\t\t\t<\/div>\n\t\t\t\t<div class=\"elementor-element elementor-element-3fb2337 elementor-widget elementor-widget-heading\" data-id=\"3fb2337\" data-element_type=\"widget\" data-widget_type=\"heading.default\">\n\t\t\t\t\t<p class=\"elementor-heading-title elementor-size-default\">La Fundaci\u00f3n Manos que Ayudan Protegiendo la Vida (FUNDAPROVID) es una organizaci\u00f3n no gubernamental, sin \u00e1nimo de lucro, legalmente constituida en La Cruz, Nari\u00f1o (Colombia).\n\nNaci\u00f3 del compromiso de un grupo de j\u00f3venes que, inspirados en el deseo de ayudar a los m\u00e1s necesitados, ni\u00f1os, adultos mayores y comunidades vulnerables, decidieron crear un espacio de acci\u00f3n solidaria y servicio.\n\nHoy, la fundaci\u00f3n trabaja por el bienestar social, la inclusi\u00f3n y la sostenibilidad, desarrollando proyectos que transforman vidas y promueven la esperanza.<\/p>\t\t\t\t<\/div>\n\t\t\t\t<\/div>\n\t\t\t\t<\/div>\n\t\t<div class=\"elementor-element elementor-element-a4772d6 e-con-full e-flex e-con e-child\" data-id=\"a4772d6\" data-element_type=\"container\">\n\t\t\t\t<div class=\"elementor-element elementor-element-4d2ff9b elementor-widget elementor-widget-charifund-cause-slider-widget\" data-id=\"4d2ff9b\" data-element_type=\"widget\" data-widget_type=\"charifund-cause-slider-widget.default\">\n\t\t\t\t<div class=\"elementor-widget-container\">\n\t\t\t\t\t\r\n\r\n\t <script>\r\n jQuery(document).ready(function($) {\r\n\r\n\/\/ js code start\r\n\r\n   var differenceSlider = new Swiper(\".difference__slider\", {\r\n      loop: true,\r\n      speed: 1000,\r\n      slidesPerView: 1,\r\n      slidesPerGroup: 1,\r\n      spaceBetween: 24,\r\n      autoplay: {\r\n        delay: 3000,\r\n        disableOnInteraction: false,\r\n        pauseOnMouseEnter: true,\r\n      },\r\n      navigation: {\r\n        nextEl: \".next-difference\",\r\n        prevEl: \".prev-difference\",\r\n      },\r\n      breakpoints: {\r\n        768: {\r\n          slidesPerView: 2,\r\n        },\r\n        1200: {\r\n          slidesPerView: 3,\r\n        },\r\n      },\r\n    });\r\n\r\n\r\n\t var causeTwoSlider = new Swiper(\".cause-two__slider\", {\r\n      loop: true,\r\n      speed: 1000,\r\n      slidesPerView: 1,\r\n      slidesPerGroup: 1,\r\n      spaceBetween: 24,\r\n      effect: \"coverflow\",\r\n      grabCursor: true,\r\n      centeredSlides: true,\r\n      loopAddBlankSlides: true,\r\n      loopAdditionalSlides: 1,\r\n      slideToClickedSlide: true,\r\n      roundLengths: true,\r\n      coverflowEffect: {\r\n        rotate: 40,\r\n        stretch: 0,\r\n        depth: 100,\r\n        modifier: 1,\r\n        slideShadows: false,\r\n      },\r\n      autoplay: {\r\n        delay: 3000,\r\n        disableOnInteraction: false,\r\n        pauseOnMouseEnter: true,\r\n      },\r\n      thumbs: {\r\n        swiper: causeTwoSliderThumb,\r\n      },\r\n      navigation: {\r\n        nextEl: \".next-cause-two\",\r\n        prevEl: \".prev-cause-two\",\r\n      },\r\n      breakpoints: {\r\n        768: {\r\n          slidesPerView: 2,\r\n        },\r\n        1400: {\r\n          slidesPerView: 3,\r\n        },\r\n      },\r\n    });\r\n\r\n\r\n\t   var causeTwoSliderThumb = new Swiper(\".cause-two__content-slider\", {\r\n      loop: true,\r\n      speed: 1000,\r\n      slidesPerView: 1,\r\n      slidesPerGroup: 1,\r\n      spaceBetween: 24,\r\n      centeredSlides: true,\r\n      watchSlidesProgress: true,\r\n      effect: \"fade\",\r\n\r\n      fadeEffect: {\r\n        crossFade: true,\r\n      },\r\n      autoplay: {\r\n        delay: 3000,\r\n        disableOnInteraction: false,\r\n        pauseOnMouseEnter: true,\r\n      },\r\n      navigation: {\r\n        nextEl: \".next-cause-two\",\r\n        prevEl: \".prev-cause-two\",\r\n      },\r\n    });\r\n\r\n\/\/ js code end \r\n\r\n  });\r\n<\/script>\r\n\t\r\n\r\n<section class=\"difference p-0\">\r\n\t<div class=\"difference__inner\">\r\n\t\t<div class=\"container\">\r\n\t\t\t<div class=\"row\">\r\n\t\t\t\t<div class=\"col-12\">\r\n\t\t\t\t<div class=\"difference__slider swiper\">\r\n\t\t\t\t\t<div class=\"swiper-wrapper\">\r\n\t\t\t\t\t\t\r\n\t\t\t\t\t\t<div class=\"swiper-slide\">\r\n\t\t\t\t\t\t\t<div class=\"difference__single-wrapper\">\r\n\t\t\t\t\t\t\t<div class=\"difference__single difference__single-first\"\r\n\t\t\t\t\t\t\t\tdata-background=\"https:\/\/funmanosqueayudan.org\/wp-content\/uploads\/2025\/04\/cat_bg-one-1.png\">\r\n\t\t\t\t\t\t\t\t<div class=\"difference__single-thumb\">\r\n\t\t\t\t\t\t\t\t\t<i class=\"fas fa-baby\"><\/i>\r\n\t\t\t\t\t\t\t\t<\/div>\r\n\t\t\t\t\t\t\t\t<div class=\"difference__single-content\">\r\n\t\t\t\t\t\t\t\t\t<h5><a href=\"https:\/\/charifundwp.wowtheme7.com\/causes\/\">Infancia<\/a><\/h5>\r\n\t\t\t\t\t\t\t\t\t<p>Primera infancia e infancia: apoyo educativo, recreativo y alimentario<\/p>\r\n\t\t\t\t\t\t\t\t<\/div>\r\n\t\t\t\t\t\t\t<\/div>\r\n\t\t\t\t\t\t\t<\/div>\r\n\t\t\t\t\t\t<\/div>\r\n\t\t\t\t\t\t\t\r\n\t\t\t\t\t\t<div class=\"swiper-slide\">\r\n\t\t\t\t\t\t\t<div class=\"difference__single-wrapper\">\r\n\t\t\t\t\t\t\t<div class=\"difference__single difference__single-second\"\r\n\t\t\t\t\t\t\t\tdata-background=\"https:\/\/funmanosqueayudan.org\/wp-content\/uploads\/2025\/04\/cat_bg-two.png\">\r\n\t\t\t\t\t\t\t\t<div class=\"difference__single-thumb\">\r\n\t\t\t\t\t\t\t\t\t<i class=\"fab fa-jenkins\"><\/i>\r\n\t\t\t\t\t\t\t\t<\/div>\r\n\t\t\t\t\t\t\t\t<div class=\"difference__single-content\">\r\n\t\t\t\t\t\t\t\t\t<h5><a href=\"\">Adulto Mayor<\/a><\/h5>\r\n\t\t\t\t\t\t\t\t\t<p>Adulto mayor: acompa\u00f1amiento, atenci\u00f3n integral y espacios de convivencia<\/p>\r\n\t\t\t\t\t\t\t\t<\/div>\r\n\t\t\t\t\t\t\t<\/div>\r\n\t\t\t\t\t\t\t<\/div>\r\n\t\t\t\t\t\t<\/div>\r\n\t\t\t\t\t\t\t\r\n\t\t\t\t\t\t<div class=\"swiper-slide\">\r\n\t\t\t\t\t\t\t<div class=\"difference__single-wrapper\">\r\n\t\t\t\t\t\t\t<div class=\"difference__single difference__single-third\"\r\n\t\t\t\t\t\t\t\tdata-background=\"https:\/\/funmanosqueayudan.org\/wp-content\/uploads\/2025\/04\/cat_bg-three.png\">\r\n\t\t\t\t\t\t\t\t<div class=\"difference__single-thumb\">\r\n\t\t\t\t\t\t\t\t\t<i class=\"fas fa-cloud-sun\"><\/i>\r\n\t\t\t\t\t\t\t\t<\/div>\r\n\t\t\t\t\t\t\t\t<div class=\"difference__single-content\">\r\n\t\t\t\t\t\t\t\t\t<h5><a href=\"\">Medio Ambiente<\/a><\/h5>\r\n\t\t\t\t\t\t\t\t\t<p>Campa\u00f1as de reforestaci\u00f3n, reciclaje y conservaci\u00f3n natural.<\/p>\r\n\t\t\t\t\t\t\t\t<\/div>\r\n\t\t\t\t\t\t\t<\/div>\r\n\t\t\t\t\t\t\t<\/div>\r\n\t\t\t\t\t\t<\/div>\r\n\t\t\t\t\t\t\t\r\n\t\t\t\t\t\t<div class=\"swiper-slide\">\r\n\t\t\t\t\t\t\t<div class=\"difference__single-wrapper\">\r\n\t\t\t\t\t\t\t<div class=\"difference__single difference__single-first\"\r\n\t\t\t\t\t\t\t\tdata-background=\"https:\/\/funmanosqueayudan.org\/wp-content\/uploads\/2025\/04\/cat_bg-one-1.png\">\r\n\t\t\t\t\t\t\t\t<div class=\"difference__single-thumb\">\r\n\t\t\t\t\t\t\t\t\t<i class=\"fas fa-balance-scale\"><\/i>\r\n\t\t\t\t\t\t\t\t<\/div>\r\n\t\t\t\t\t\t\t\t<div class=\"difference__single-content\">\r\n\t\t\t\t\t\t\t\t\t<h5><a href=\"https:\/\/charifundwp.wowtheme7.com\/causes\/\">Asesoria Jur\u00eddica<\/a><\/h5>\r\n\t\t\t\t\t\t\t\t\t<p>orientaci\u00f3n a comunidades vulnerables en la defensa de sus derechos.<\/p>\r\n\t\t\t\t\t\t\t\t<\/div>\r\n\t\t\t\t\t\t\t<\/div>\r\n\t\t\t\t\t\t\t<\/div>\r\n\t\t\t\t\t\t<\/div>\r\n\t\t\t\t\t\t\t\r\n\t\t\t\t\t\t<div class=\"swiper-slide\">\r\n\t\t\t\t\t\t\t<div class=\"difference__single-wrapper\">\r\n\t\t\t\t\t\t\t<div class=\"difference__single difference__single-second\"\r\n\t\t\t\t\t\t\t\tdata-background=\"https:\/\/funmanosqueayudan.org\/wp-content\/uploads\/2025\/04\/cat_bg-two.png\">\r\n\t\t\t\t\t\t\t\t<div class=\"difference__single-thumb\">\r\n\t\t\t\t\t\t\t\t\t<i class=\"fas fa-business-time\"><\/i>\r\n\t\t\t\t\t\t\t\t<\/div>\r\n\t\t\t\t\t\t\t\t<div class=\"difference__single-content\">\r\n\t\t\t\t\t\t\t\t\t<h5><a href=\"https:\/\/charifundwp.wowtheme7.com\/causes\/\">Emprendimiento<\/a><\/h5>\r\n\t\t\t\t\t\t\t\t\t<p>Capacitaci\u00f3n, asesor\u00eda y fortalecimiento de peque\u00f1as iniciativas productivas.<\/p>\r\n\t\t\t\t\t\t\t\t<\/div>\r\n\t\t\t\t\t\t\t<\/div>\r\n\t\t\t\t\t\t\t<\/div>\r\n\t\t\t\t\t\t<\/div>\r\n\t\t\t\t\t\t\t\r\n\t\t\t\t\t\t<div class=\"swiper-slide\">\r\n\t\t\t\t\t\t\t<div class=\"difference__single-wrapper\">\r\n\t\t\t\t\t\t\t<div class=\"difference__single difference__single-third\"\r\n\t\t\t\t\t\t\t\tdata-background=\"https:\/\/funmanosqueayudan.org\/wp-content\/uploads\/2025\/04\/cat_bg-three.png\">\r\n\t\t\t\t\t\t\t\t<div class=\"difference__single-thumb\">\r\n\t\t\t\t\t\t\t\t\t<i class=\" icon-health\"><\/i>\r\n\t\t\t\t\t\t\t\t<\/div>\r\n\t\t\t\t\t\t\t\t<div class=\"difference__single-content\">\r\n\t\t\t\t\t\t\t\t\t<h5><a href=\"https:\/\/charifundwp.wowtheme7.com\/causes\/\">Salud y bienestar<\/a><\/h5>\r\n\t\t\t\t\t\t\t\t\t<p>Gesti\u00f3n de ayudas humanitarias y promoci\u00f3n de h\u00e1bitos saludables.<\/p>\r\n\t\t\t\t\t\t\t\t<\/div>\r\n\t\t\t\t\t\t\t<\/div>\r\n\t\t\t\t\t\t\t<\/div>\r\n\t\t\t\t\t\t<\/div>\r\n\t\t\t\t\t\t\t\r\n\t\t\t\t\t<\/div>\r\n\t\t\t\t<\/div>\r\n\t\t\t\t<\/div>\r\n\t\t\t<\/div>\r\n\t\t<\/div>\r\n\t\t<div class=\"slider-navigation\">\r\n\t\t\t<button type=\"button\" aria-label=\"prev slide\" title=\"prev slide\"\r\n\t\t\t\tclass=\"prev-difference slider-btn\">\r\n\t\t\t<i class=\"fa-solid fa-arrow-left\"><\/i>\r\n\t\t\t<\/button>\r\n\t\t\t<button type=\"button\" aria-label=\"next slide\" title=\"next slide\"\r\n\t\t\t\tclass=\"next-difference slider-btn slider-btn-next\">\r\n\t\t\t<i class=\"fa-solid fa-arrow-right\"><\/i>\r\n\t\t\t<\/button>\r\n\t\t<\/div>\r\n\t<\/div>\r\n\t<\/section>\r\n\r\n\t\r\n             \r\n\t\t\t\t\t\t<\/div>\n\t\t\t\t<\/div>\n\t\t\t\t<\/div>\n\t\t\t\t\t<\/div>\n\t\t\t\t<\/div>\n\t\t<div class=\"elementor-element elementor-element-618c219 e-flex e-con-boxed e-con e-parent\" data-id=\"618c219\" data-element_type=\"container\">\n\t\t\t\t\t<div class=\"e-con-inner\">\n\t\t\t\t<div class=\"elementor-element elementor-element-a295141 elementor-widget elementor-widget-text-editor\" data-id=\"a295141\" data-element_type=\"widget\" data-widget_type=\"text-editor.default\">\n\t\t\t\t\t\t\t\t\t<h5><strong>Programas y Proyectos en Curso<p><\/p>\n<\/strong><p><strong><\/strong><\/p><\/h5>\n<p>La Fundaci\u00f3n Manos que Ayudan Protegiendo la Vida (FUNDAPROVID) contin\u00faa desarrollando iniciativas que reflejan su compromiso con la solidaridad, la esperanza y la protecci\u00f3n de la vida. Actualmente, se encuentran en ejecuci\u00f3n los siguientes proyectos:<\/p>\n<p><\/p>\n<h6><strong><img decoding=\"async\" draggable=\"false\" role=\"img\" class=\"emoji\" alt=\"\ud83c\udf97\ufe0f\" src=\"https:\/\/s.w.org\/images\/core\/emoji\/16.0.1\/svg\/1f397.svg\"> 1. Voces contra el C\u00e1ncer<\/strong><\/h6>\n<p>Este programa tiene como objetivo brindar apoyo integral a tres ni\u00f1os que enfrentan el diagn\u00f3stico de c\u00e1ncer, ofreciendo acompa\u00f1amiento emocional, ayudas econ\u00f3micas, medicamentos y actividades recreativas que les permitan sobrellevar su tratamiento con esperanza y alegr\u00eda.<\/p>\n<p><img decoding=\"async\" draggable=\"false\" role=\"img\" class=\"emoji\" alt=\"\ud83d\udcac\" src=\"https:\/\/s.w.org\/images\/core\/emoji\/16.0.1\/svg\/1f4ac.svg\"> \u201cUna voz solidaria puede marcar la diferencia en la vida de un ni\u00f1o.\u201d<\/p>\n<p><\/p>\n<h6><strong><img decoding=\"async\" draggable=\"false\" role=\"img\" class=\"emoji\" alt=\"\ud83e\udd32\" src=\"https:\/\/s.w.org\/images\/core\/emoji\/16.0.1\/svg\/1f932.svg\"><\/strong><strong> 2. Entrega Solidaria<\/strong><\/h6>\n<p>A trav\u00e9s de este proyecto, la fundaci\u00f3n realiza entregas de remesas, alimentos y productos b\u00e1sicos a familias en situaci\u00f3n de vulnerabilidad.<\/p>\n<p>El objetivo es garantizar la seguridad alimentaria y el bienestar b\u00e1sico de las personas que m\u00e1s lo necesitan, especialmente en comunidades rurales y sectores de bajos recursos.<\/p>\n<p><img decoding=\"async\" draggable=\"false\" role=\"img\" class=\"emoji\" alt=\"\ud83c\udf3e\" src=\"https:\/\/s.w.org\/images\/core\/emoji\/16.0.1\/svg\/1f33e.svg\"> \u201cCompartir con amor es sembrar esperanza.\u201d<\/p>\n<p><\/p>\n<h6><strong><img decoding=\"async\" draggable=\"false\" role=\"img\" class=\"emoji\" alt=\"\ud83c\udf81\" src=\"https:\/\/s.w.org\/images\/core\/emoji\/16.0.1\/svg\/1f381.svg\"><\/strong><strong> 3. Alegra la Navidad a un Abuelito<\/strong><\/h6>\n<p>Una hermosa tradici\u00f3n anual en la que la fundaci\u00f3n invita a la comunidad a donar regalos, alimentos y detalles navide\u00f1os para los adultos mayores m\u00e1s necesitados.<\/p>\n<p>El proyecto busca llevar alegr\u00eda, compa\u00f1\u00eda y amor en la \u00e9poca navide\u00f1a, record\u00e1ndoles que nunca est\u00e1n solos.<\/p>\n<p><\/p>\n<p><img decoding=\"async\" draggable=\"false\" role=\"img\" class=\"emoji\" alt=\"\ud83c\udf84\" src=\"https:\/\/s.w.org\/images\/core\/emoji\/16.0.1\/svg\/1f384.svg\"> \u201cUn peque\u00f1o gesto puede iluminar el coraz\u00f3n de un abuelito.\u201d<\/p>\n<p><\/p>\n<hr>\n<h6><strong>Formas de ayuda:<p><\/p>\n<\/strong><p><strong><\/strong><\/p><\/h6>\n<p>T\u00fa tambi\u00e9n puedes hacer parte de esta misi\u00f3n:<\/p>\n<p><img decoding=\"async\" draggable=\"false\" role=\"img\" class=\"emoji\" alt=\"\ud83d\udcb0\" src=\"https:\/\/s.w.org\/images\/core\/emoji\/16.0.1\/svg\/1f4b0.svg\"> <strong>Donaciones:<\/strong> contribuye con recursos o materiales para nuestros programas sociales.<\/p>\n<p><img decoding=\"async\" draggable=\"false\" role=\"img\" class=\"emoji\" alt=\"\ud83d\ude4c\" src=\"https:\/\/s.w.org\/images\/core\/emoji\/16.0.1\/svg\/1f64c.svg\"><strong>Voluntariado<\/strong>: \u00fanete a nuestras jornadas comunitarias y ambientales.<\/p>\n<p><img decoding=\"async\" draggable=\"false\" role=\"img\" class=\"emoji\" alt=\"\ud83e\udd1d\" src=\"https:\/\/s.w.org\/images\/core\/emoji\/16.0.1\/svg\/1f91d.svg\"> <strong>Alianzas:<\/strong> colabora desde tu empresa, instituci\u00f3n o grupo social para ampliar el impacto.<\/p>\n<p><img decoding=\"async\" draggable=\"false\" role=\"img\" class=\"emoji\" alt=\"\ud83d\udce7\" src=\"https:\/\/s.w.org\/images\/core\/emoji\/16.0.1\/svg\/1f4e7.svg\"><strong> Contacto<\/strong>: <a href=\"mailto:manosqueayudanlacruz@gmail.com\">manosqueayudanlacruz@gmail.com<\/a><\/p><p><br><\/p><p><br><\/p>\t\t\t\t\t\t\t\t<\/div>\n\t\t\t\t\t<\/div>\n\t\t\t\t<\/div>\n\t\t<div class=\"elementor-element elementor-element-0163af5 e-con-full e-flex e-con e-parent\" data-id=\"0163af5\" data-element_type=\"container\">\n\t\t\t\t<div class=\"elementor-element elementor-element-214defc elementor-widget elementor-widget-charifund-contact-form-widget\" data-id=\"214defc\" data-element_type=\"widget\" data-widget_type=\"charifund-contact-form-widget.default\">\n\t\t\t\t<div class=\"elementor-widget-container\">\n\t\t\t\t\t\n\n\t\n\n\t<section class=\"contact home-3-contact-form\">\n\t\t<div class=\"container\">\n\t\t\t<div class=\"row justify-content-end\">\n\t\t\t\t<div class=\"col-12 col-md-10 col-xl-7\">\n\t\t\t\t\t<div class=\"contact__content\">\n\t\t\t\t\t<div class=\"section__content\">\n\t\t\t\t\t\t\t\t\t\t\t\t<span class=\"sub-title\"><i class=\"icon-donation\"><\/i>Ay\u00fadanos a ayudar!<\/span>\n\t\t\t\t\t\t\t\t\t\t\t\t<h2 class=\"title-animation\">Envienos su <span>message<\/span><\/h2>\n\n\t\t\t\t\t<\/div>\n\t\t\t\t\t\t\n\t\t\t\t\t<div class=\"contact__form cta\">\n\t\t\t\t\t\t\n<div class=\"wpcf7 no-js\" id=\"wpcf7-f776-o1\" lang=\"en-US\" dir=\"ltr\" data-wpcf7-id=\"776\">\n<div class=\"screen-reader-response\"><p role=\"status\" aria-live=\"polite\" aria-atomic=\"true\"><\/p> <ul><\/ul><\/div>\n<form action=\"\/index.php\/wp-json\/wp\/v2\/pages\/1185#wpcf7-f776-o1\" method=\"post\" class=\"wpcf7-form init\" aria-label=\"Contact form\" novalidate=\"novalidate\" data-status=\"init\">\n<fieldset class=\"hidden-fields-container\"><input type=\"hidden\" name=\"_wpcf7\" value=\"776\" \/><input type=\"hidden\" name=\"_wpcf7_version\" value=\"6.1.3\" \/><input type=\"hidden\" name=\"_wpcf7_locale\" value=\"en_US\" \/><input type=\"hidden\" name=\"_wpcf7_unit_tag\" value=\"wpcf7-f776-o1\" \/><input type=\"hidden\" name=\"_wpcf7_container_post\" value=\"0\" \/><input type=\"hidden\" name=\"_wpcf7_posted_data_hash\" value=\"\" \/>\n<\/fieldset>\n<div class=\"input-single home--10\">\n   <span class=\"wpcf7-form-control-wrap\" data-name=\"text-933\"><input size=\"40\" maxlength=\"400\" class=\"wpcf7-form-control wpcf7-text\" aria-invalid=\"false\" placeholder=\"su nombre...\" value=\"\" type=\"text\" name=\"text-933\" \/><\/span>\n   <i class=\"fa-solid fa-user\"><\/i>\n<\/div> \n<div class=\"input-group\" >\n  \n<div class=\"input-single home--10\">\n      <span class=\"wpcf7-form-control-wrap\" data-name=\"email-401\"><input size=\"40\" maxlength=\"400\" class=\"wpcf7-form-control wpcf7-email wpcf7-text wpcf7-validates-as-email\" aria-invalid=\"false\" placeholder=\"su email...\" value=\"\" type=\"email\" name=\"email-401\" \/><\/span>\n      <i class=\"fa-solid fa-paper-plane\"><\/i>\n   <\/div>\n   <div class=\"input-single home--10\">\n      <span class=\"wpcf7-form-control-wrap\" data-name=\"tel-833\"><input size=\"40\" maxlength=\"400\" class=\"wpcf7-form-control wpcf7-tel wpcf7-text wpcf7-validates-as-tel\" aria-invalid=\"false\" placeholder=\"su celular...\" value=\"\" type=\"tel\" name=\"tel-833\" \/><\/span>\n      <i class=\"fa-solid fa-phone\"><\/i>\n   <\/div>\n<\/div>\n\n<div class=\"input-single alter-input home--10\">\n   <span class=\"wpcf7-form-control-wrap\" data-name=\"textarea-604\"><textarea cols=\"40\" rows=\"10\" maxlength=\"2000\" class=\"wpcf7-form-control wpcf7-textarea\" aria-invalid=\"false\" placeholder=\"su mensaje...\" name=\"textarea-604\"><\/textarea><\/span>\n   <i class=\"fa-solid fa-envelope\"><\/i>\n<\/div>\n<div class=\"form-cta\">\n   <button type=\"submit\" aria-label=\"submit message\" title=\"submit message\"\n      class=\"btn--primary\">Enviar <i class=\"fa-solid fa-arrow-right\"><\/i><\/button>\n<\/div><div class=\"wpcf7-response-output\" aria-hidden=\"true\"><\/div>\n<\/form>\n<\/div>\n\t\t\t\t\t<\/div>\n\t\t\t\t\t<\/div>\n\t\t\t\t<\/div>\n\t\t\t<\/div>\n\t\t<\/div>\n\t\t<div class=\"contact-bg\">\n\t\t\t   \n\t\t\t\t<img decoding=\"async\" class=\"parallax-image\" src=\"https:\/\/funmanosqueayudan.org\/wp-content\/uploads\/2025\/11\/formulario-contacto-2.webp\" alt=\"\"\/>\n\t\t\t\t\t<\/div>\n\t\t<div class=\"shape-left\">\n\t\t\t   \n\t\t\t\t<img decoding=\"async\" class=\"base-img\" src=\"https:\/\/funmanosqueayudan.org\/wp-content\/uploads\/2025\/01\/shape-left.png\" alt=\"\"\/>\n\t\t\t\t\t<\/div>\n\t\t<\/section>\n\n\t\t\n             \n\t\t\t\t\t\t<\/div>\n\t\t\t\t<\/div>\n\t\t\t\t<\/div>\n\t\t\t\t<\/div>\n\t\t","protected":false},"excerpt":{"rendered":"<p>Nos unen los necesitados Fundaci\u00f3n Manos que ayudan La Fundaci\u00f3n Manos que Ayudan Protegiendo la Vida (FUNDAPROVID) es una organizaci\u00f3n no gubernamental, sin \u00e1nimo de lucro, legalmente constituida en La Cruz, Nari\u00f1o (Colombia). Naci\u00f3 del compromiso de un grupo de j\u00f3venes que, inspirados en el deseo de ayudar a los m\u00e1s necesitados, ni\u00f1os, adultos mayores<\/p>\n","protected":false},"author":1,"featured_media":0,"parent":0,"menu_order":0,"comment_status":"closed","ping_status":"closed","template":"","meta":{"give_campaign_id":0,"inline_featured_image":false,"ngg_post_thumbnail":0,"footnotes":""},"class_list":["post-1185","page","type-page","status-publish","hentry"],"campaignId":"","_links":{"self":[{"href":"https:\/\/funmanosqueayudan.org\/index.php\/wp-json\/wp\/v2\/pages\/1185","targetHints":{"allow":["GET"]}}],"collection":[{"href":"https:\/\/funmanosqueayudan.org\/index.php\/wp-json\/wp\/v2\/pages"}],"about":[{"href":"https:\/\/funmanosqueayudan.org\/index.php\/wp-json\/wp\/v2\/types\/page"}],"author":[{"embeddable":true,"href":"https:\/\/funmanosqueayudan.org\/index.php\/wp-json\/wp\/v2\/users\/1"}],"replies":[{"embeddable":true,"href":"https:\/\/funmanosqueayudan.org\/index.php\/wp-json\/wp\/v2\/comments?post=1185"}],"version-history":[{"count":38,"href":"https:\/\/funmanosqueayudan.org\/index.php\/wp-json\/wp\/v2\/pages\/1185\/revisions"}],"predecessor-version":[{"id":8006,"href":"https:\/\/funmanosqueayudan.org\/index.php\/wp-json\/wp\/v2\/pages\/1185\/revisions\/8006"}],"wp:attachment":[{"href":"https:\/\/funmanosqueayudan.org\/index.php\/wp-json\/wp\/v2\/media?parent=1185"}],"curies":[{"name":"wp","href":"https:\/\/api.w.org\/{rel}","templated":true}]}}