{"id":780,"date":"2025-11-17T08:36:47","date_gmt":"2025-11-17T07:36:47","guid":{"rendered":"https:\/\/charifundwp.wowtheme7.com\/?page_id=780"},"modified":"2025-11-18T20:24:34","modified_gmt":"2025-11-18T19:24:34","slug":"nosotros","status":"publish","type":"page","link":"https:\/\/funmanosqueayudan.org\/index.php\/nosotros\/","title":{"rendered":"Nosotros"},"content":{"rendered":"\t\t<div data-elementor-type=\"wp-page\" data-elementor-id=\"780\" class=\"elementor elementor-780\">\n\t\t\t\t<div class=\"elementor-element elementor-element-7667ed1 e-flex e-con-boxed e-con e-parent\" data-id=\"7667ed1\" data-element_type=\"container\">\n\t\t\t\t\t<div class=\"e-con-inner\">\n\t\t\t\t<div class=\"elementor-element elementor-element-8f03fa1 elementor-absolute elementor-hidden-tablet elementor-hidden-mobile elementor-widget elementor-widget-image\" data-id=\"8f03fa1\" data-element_type=\"widget\" data-settings=\"{&quot;_position&quot;:&quot;absolute&quot;}\" data-widget_type=\"image.default\">\n\t\t\t\t\t\t\t\t\t\t\t\t\t\t\t<img decoding=\"async\" width=\"108\" height=\"148\" src=\"https:\/\/funmanosqueayudan.org\/wp-content\/uploads\/2025\/01\/grid.png\" class=\"attachment-large size-large wp-image-129\" alt=\"\" \/>\t\t\t\t\t\t\t\t\t\t\t\t\t\t\t<\/div>\n\t\t\t\t<div class=\"elementor-element elementor-element-775eeb1 elementor-absolute elementor-widget elementor-widget-image\" data-id=\"775eeb1\" data-element_type=\"widget\" data-settings=\"{&quot;_position&quot;:&quot;absolute&quot;}\" data-widget_type=\"image.default\">\n\t\t\t\t\t\t\t\t\t\t\t\t\t\t\t<img decoding=\"async\" width=\"178\" height=\"280\" src=\"https:\/\/funmanosqueayudan.org\/wp-content\/uploads\/2025\/01\/parasuit.png\" class=\"attachment-large size-large wp-image-28\" alt=\"\" \/>\t\t\t\t\t\t\t\t\t\t\t\t\t\t\t<\/div>\n\t\t\t\t<div class=\"elementor-element elementor-element-dee60c4 elementor-absolute elementor-widget elementor-widget-image\" data-id=\"dee60c4\" data-element_type=\"widget\" data-settings=\"{&quot;_position&quot;:&quot;absolute&quot;}\" data-widget_type=\"image.default\">\n\t\t\t\t\t\t\t\t\t\t\t\t\t\t\t<img decoding=\"async\" width=\"92\" height=\"160\" src=\"https:\/\/funmanosqueayudan.org\/wp-content\/uploads\/2025\/01\/hand.png\" class=\"attachment-large size-large wp-image-130\" alt=\"\" \/>\t\t\t\t\t\t\t\t\t\t\t\t\t\t\t<\/div>\n\t\t\t\t<div class=\"elementor-element elementor-element-12b1bd7 elementor-absolute elementor-hidden-tablet elementor-hidden-mobile elementor-widget elementor-widget-image\" data-id=\"12b1bd7\" data-element_type=\"widget\" data-settings=\"{&quot;_position&quot;:&quot;absolute&quot;}\" data-widget_type=\"image.default\">\n\t\t\t\t\t\t\t\t\t\t\t\t\t\t\t<img loading=\"lazy\" decoding=\"async\" width=\"154\" height=\"150\" src=\"https:\/\/funmanosqueayudan.org\/wp-content\/uploads\/2025\/01\/spade-3.png\" class=\"attachment-large size-large wp-image-133\" alt=\"\" \/>\t\t\t\t\t\t\t\t\t\t\t\t\t\t\t<\/div>\n\t\t<div class=\"elementor-element elementor-element-ced10a0 e-con-full e-flex e-con e-child\" data-id=\"ced10a0\" data-element_type=\"container\">\n\t\t\t\t<div class=\"elementor-element elementor-element-3257b7d elementor-widget elementor-widget-charifund-theme-image-box-widget\" data-id=\"3257b7d\" data-element_type=\"widget\" data-widget_type=\"charifund-theme-image-box-widget.default\">\n\t\t\t\t<div class=\"elementor-widget-container\">\n\t\t\t\t\t\r\n\t\r\n\r\n\t<div class=\"help p-0\">\r\n\t\t<div class=\"help__thumb\">\r\n\t\t\t<div class=\"help__thumb-inner\">\r\n\t\t\t\t<div class=\"thumb-top thumb\">\r\n\t\t\t\t   \r\n\t\t\t\t\t<img decoding=\"async\" src=\"https:\/\/funmanosqueayudan.org\/wp-content\/uploads\/2025\/11\/home-bateria-sanitaria.webp\" alt=\"\"\/>\r\n\t\t\t\t\t\t\t\t<\/div>\r\n\t\t\t\t<div class=\"thumb-lg thumb\">\r\n\t\t\t\t\t   \r\n\t\t\t\t\t\t<img decoding=\"async\" src=\"https:\/\/funmanosqueayudan.org\/wp-content\/uploads\/2025\/11\/home-sonrisas.webp\" alt=\"\"\/>\r\n\t\t\t\t\t\t\t\t\t\t<div class=\"video-btn-wrapper\">\r\n\t\t\t\t\t\t<a href=\"https:\/\/www.youtube.com\/watch?v=Cn4G2lZ_g2I\" target=\"_blank\"\r\n\t\t\t\t\t\ttitle=\"video Player\" class=\"open-video-popup\">\r\n\t\t\t\t\t\t<i class=\"icon-play\"><\/i>\r\n\t\t\t\t\t\t<\/a>\r\n\t\t\t\t\t<\/div>\r\n\t\t\t\t<\/div>\r\n\t\t\t\t<div class=\"thumb thumb-bottom\">\r\n\t\t\t\t   \r\n\t\t\t\t\t<img decoding=\"async\" src=\"https:\/\/funmanosqueayudan.org\/wp-content\/uploads\/2025\/11\/home-equipo.webp\" alt=\"\"\/>\r\n\t\t\t\t\t\t\t\t<\/div>\r\n\t\t\t\t<div class=\"line\">\r\n\t\t\t\t   \r\n\t\t\t\t\t<img decoding=\"async\" src=\"https:\/\/funmanosqueayudan.org\/wp-content\/uploads\/2025\/04\/about_one_line.png\" alt=\"\"\/>\r\n\t\t\t\t\t\t\t\t<\/div>\r\n\t\t\t\t<div class=\"grid-line\">\r\n\t\t\t\t\t\t\t\t<\/div>\r\n\t\t\t\t<div class=\"vertical-text\">\r\n\t\t\t\t\t<h5>Fundaci\u00f3n <span>Manos<\/span> que ayudan <\/h5>\r\n\t\t\t\t<\/div>\r\n\t\t\t<\/div>\r\n\t\t<\/div>\r\n\t<\/div>\r\n\r\n\r\n\t\r\n\r\n             \r\n\t\t\t\t\t\t<\/div>\n\t\t\t\t<\/div>\n\t\t\t\t<div class=\"elementor-element elementor-element-8241e40 elementor-widget elementor-widget-charifund-heading-title-widget\" data-id=\"8241e40\" data-element_type=\"widget\" data-widget_type=\"charifund-heading-title-widget.default\">\n\t\t\t\t<div class=\"elementor-widget-container\">\n\t\t\t\t\t\r\n\t\r\n\r\n<div class=\"section__header p-0 m-0\">\r\n\t<h2 class=\"title-animation\">Nuestro <span>Logo<\/span><\/h2>\r\n<\/div>\r\n\r\n\t\r\n\r\n             \r\n\t\t\t\t\t\t<\/div>\n\t\t\t\t<\/div>\n\t\t\t\t<div class=\"elementor-element elementor-element-911d6f7 elementor-widget elementor-widget-image\" data-id=\"911d6f7\" data-element_type=\"widget\" data-widget_type=\"image.default\">\n\t\t\t\t\t\t\t\t\t\t\t\t\t\t\t<img loading=\"lazy\" decoding=\"async\" width=\"603\" height=\"333\" src=\"https:\/\/funmanosqueayudan.org\/wp-content\/uploads\/2025\/11\/logo.webp\" class=\"attachment-large size-large wp-image-7922\" alt=\"\" srcset=\"https:\/\/funmanosqueayudan.org\/wp-content\/uploads\/2025\/11\/logo.webp 603w, https:\/\/funmanosqueayudan.org\/wp-content\/uploads\/2025\/11\/logo-300x166.webp 300w, https:\/\/funmanosqueayudan.org\/wp-content\/uploads\/2025\/11\/logo-600x331.webp 600w\" sizes=\"(max-width: 603px) 100vw, 603px\" \/>\t\t\t\t\t\t\t\t\t\t\t\t\t\t\t<\/div>\n\t\t\t\t<div class=\"elementor-element elementor-element-029a48a elementor-widget elementor-widget-text-editor\" data-id=\"029a48a\" data-element_type=\"widget\" data-widget_type=\"text-editor.default\">\n\t\t\t\t\t\t\t\t\t<p><b><span style=\"font-family: 'Aptos Display',sans-serif;\">Significado logotipo oficial<\/span><\/b><\/p><p><span style=\"font-family: 'Aptos Display',sans-serif;\">El logotipo de la Fundaci\u00f3n Manos que Ayudan Protegiendo la Vida representa la solidaridad, inclusi\u00f3n y trabajo en equipo.<\/span><\/p><p><span style=\"font-family: 'Aptos Display',sans-serif;\">Las manos de distintos colores simbolizan la diversidad, la uni\u00f3n y la ayuda mutua entre personas de todas las edades y condiciones sociales.<\/span><\/p><p><span style=\"font-family: 'Aptos Display',sans-serif;\">El texto circular o lineal con el nombre de la fundaci\u00f3n refuerza la idea de acci\u00f3n comunitaria y protecci\u00f3n de la vida<\/span><\/p>\t\t\t\t\t\t\t\t<\/div>\n\t\t<div class=\"elementor-element elementor-element-05109f5 e-con-full e-flex e-con e-child\" data-id=\"05109f5\" data-element_type=\"container\">\n\t\t\t\t<div class=\"elementor-element elementor-element-0f9dc97 elementor-widget-mobile__width-inherit elementor-widget elementor-widget-charifund-theme-button-widget\" data-id=\"0f9dc97\" data-element_type=\"widget\" data-widget_type=\"charifund-theme-button-widget.default\">\n\t\t\t\t<div class=\"elementor-widget-container\">\n\t\t\t\t\t\n\t\n\n\t<div class=\"help p-0 m-0\">\n\t\t<div class=\"help__content-cta cta m-0\">\n\t\t\t<a href=\"\" class=\"btn--primary\">Informaci\u00f3n<\/a>\n\t\t<\/div>\n\t<\/div>\n\n\t\n\n             \n\t\t\t\t\t\t<\/div>\n\t\t\t\t<\/div>\n\t\t\t\t<div class=\"elementor-element elementor-element-e9f8ebc elementor-position-left elementor-mobile-position-left elementor-widget-mobile__width-inherit elementor-view-default elementor-widget elementor-widget-icon-box\" data-id=\"e9f8ebc\" data-element_type=\"widget\" data-widget_type=\"icon-box.default\">\n\t\t\t\t\t\t\t<div class=\"elementor-icon-box-wrapper\">\n\n\t\t\t\t\t\t<div class=\"elementor-icon-box-icon\">\n\t\t\t\t<a href=\"tel:01-793-7938\" class=\"elementor-icon\" tabindex=\"-1\" aria-label=\"Celular\">\n\t\t\t\t<i aria-hidden=\"true\" class=\" icon-phone\"><\/i>\t\t\t\t<\/a>\n\t\t\t<\/div>\n\t\t\t\n\t\t\t\t\t\t<div class=\"elementor-icon-box-content\">\n\n\t\t\t\t\t\t\t\t\t<p class=\"elementor-icon-box-title\">\n\t\t\t\t\t\t<a href=\"tel:01-793-7938\" >\n\t\t\t\t\t\t\tCelular\t\t\t\t\t\t<\/a>\n\t\t\t\t\t<\/p>\n\t\t\t\t\n\t\t\t\t\t\t\t\t\t<p class=\"elementor-icon-box-description\">\n\t\t\t\t\t\t+(57) 318 471 7148\t\t\t\t\t<\/p>\n\t\t\t\t\n\t\t\t<\/div>\n\t\t\t\n\t\t<\/div>\n\t\t\t\t\t\t<\/div>\n\t\t\t\t<\/div>\n\t\t\t\t<\/div>\n\t\t<div class=\"elementor-element elementor-element-4620237 e-con-full e-flex e-con e-child\" data-id=\"4620237\" data-element_type=\"container\">\n\t\t\t\t<div class=\"elementor-element elementor-element-4aae447 elementor-align-left elementor-icon-list--layout-traditional elementor-list-item-link-full_width elementor-widget elementor-widget-icon-list\" data-id=\"4aae447\" data-element_type=\"widget\" data-widget_type=\"icon-list.default\">\n\t\t\t\t\t\t\t<ul class=\"elementor-icon-list-items\">\n\t\t\t\t\t\t\t<li class=\"elementor-icon-list-item\">\n\t\t\t\t\t\t\t\t\t\t\t<span class=\"elementor-icon-list-icon\">\n\t\t\t\t\t\t\t<i aria-hidden=\"true\" class=\" icon-donation\"><\/i>\t\t\t\t\t\t<\/span>\n\t\t\t\t\t\t\t\t\t\t<span class=\"elementor-icon-list-text\">Ayudanos a ayudar<\/span>\n\t\t\t\t\t\t\t\t\t<\/li>\n\t\t\t\t\t\t<\/ul>\n\t\t\t\t\t\t<\/div>\n\t\t\t\t<div class=\"elementor-element elementor-element-47c8349 elementor-widget elementor-widget-charifund-heading-title-widget\" data-id=\"47c8349\" data-element_type=\"widget\" data-widget_type=\"charifund-heading-title-widget.default\">\n\t\t\t\t<div class=\"elementor-widget-container\">\n\t\t\t\t\t\r\n\t\r\n\r\n<div class=\"section__header p-0 m-0\">\r\n\t<h2 class=\"title-animation\">Nuestra <span>fundaci\u00f3n<\/span><\/h2>\r\n<\/div>\r\n\r\n\t\r\n\r\n             \r\n\t\t\t\t\t\t<\/div>\n\t\t\t\t<\/div>\n\t\t\t\t<div class=\"elementor-element elementor-element-fce3f24 elementor-widget elementor-widget-text-editor\" data-id=\"fce3f24\" data-element_type=\"widget\" data-widget_type=\"text-editor.default\">\n\t\t\t\t\t\t\t\t\t<h6><strong>Nombre completo oficial<\/strong><\/h6><h6><strong>FUNDACI\u00d3N MANOS QUE AYUDAN PROTEGIENDO LA VIDA<\/strong><br \/><strong>Sigla:<\/strong> FUNDAPROVID<\/h6><p>Organizaci\u00f3n No Gubernamental (ONG) sin \u00e1nimo de lucro, apol\u00edtica, abierta a todas las personas sin distinci\u00f3n de raza, religi\u00f3n o condici\u00f3n social. Se rige por el derecho privado y las leyes colombianas vigentes.<\/p>\t\t\t\t\t\t\t\t<\/div>\n\t\t\t\t<div class=\"elementor-element elementor-element-6dfdb67 elementor-widget-divider--view-line elementor-widget elementor-widget-divider\" data-id=\"6dfdb67\" data-element_type=\"widget\" data-widget_type=\"divider.default\">\n\t\t\t\t\t\t\t<div class=\"elementor-divider\">\n\t\t\t<span class=\"elementor-divider-separator\">\n\t\t\t\t\t\t<\/span>\n\t\t<\/div>\n\t\t\t\t\t\t<\/div>\n\t\t\t\t<div class=\"elementor-element elementor-element-691dd05 elementor-widget elementor-widget-text-editor\" data-id=\"691dd05\" data-element_type=\"widget\" data-widget_type=\"text-editor.default\">\n\t\t\t\t\t\t\t\t\t<h6><strong>Misi\u00f3n<p><\/p>\n<\/strong><p><strong><\/strong><\/p>\n<p><strong><\/strong><\/p>\n<\/h6>\n<p>La <strong>Fundaci\u00f3n Manos que Ayudan Protegiendo la Vida<\/strong> existe para <strong>gestionar, promover y ejecutar proyectos sociales, ambientales, educativos, jur\u00eddicos y de emprendimiento<\/strong>, orientados a mejorar la calidad de vida de las comunidades, especialmente de sectores vulnerables.<br>Su prop\u00f3sito es <strong>proteger la vida, fomentar la equidad, fortalecer la formaci\u00f3n ciudadana y promover el desarrollo sostenible<\/strong> en todo el territorio colombiano.<\/p>\n<h6><strong>Visi\u00f3n<\/strong><\/h6>\n<p>A largo plazo, la fundaci\u00f3n busca <strong>consolidarse como una organizaci\u00f3n l\u00edder en la transformaci\u00f3n social y ambiental de Colombia<\/strong>, reconocida por su compromiso con la protecci\u00f3n de la vida, la inclusi\u00f3n, la sostenibilidad y la construcci\u00f3n de una cultura de paz y bienestar colectivo.<\/p>\n<h6><strong>Valores.<\/strong><\/h6>\n<p><strong>Solidaridad:<\/strong> compromiso con el bienestar de comunidades vulnerables.<\/p>\n<p><strong>Respeto<\/strong>: reconocimiento de la dignidad humana sin distinci\u00f3n de raza, religi\u00f3n o condici\u00f3n social.<\/p>\n<p><strong>Responsabilidad social:<\/strong> gesti\u00f3n \u00e9tica de proyectos que beneficien al entorno.<\/p>\n<p><strong>Transparencia:<\/strong> manejo honesto de recursos y decisiones.<\/p>\n<p><strong>Compromiso:<\/strong> dedicaci\u00f3n al cumplimiento de los fines sociales y ambientales.<\/p>\n<p><strong>Empat\u00eda:<\/strong> atenci\u00f3n y acompa\u00f1amiento humano a quienes m\u00e1s lo necesitan.<\/p>\n<p><br><\/p>\n<p><br><\/p>\t\t\t\t\t\t\t\t<\/div>\n\t\t\t\t<div class=\"elementor-element elementor-element-46ca122 elementor-widget elementor-widget-text-editor\" data-id=\"46ca122\" data-element_type=\"widget\" data-widget_type=\"text-editor.default\">\n\t\t\t\t\t\t\t\t\t<h6><strong>Historia:<\/strong><\/h6><p>La Fundaci\u00f3n Manos que Ayudan Protegiendo la Vida (FUNDAPROVID) naci\u00f3 en el municipio de La Cruz, Nari\u00f1o (Colombia), con domicilio en Calle 3 No. 7-11, Plaza Principal.<\/p><p>La fundaci\u00f3n fue creada por un grupo de j\u00f3venes comprometidos con ayudar a las personas m\u00e1s necesitadas, especialmente a los ancianos y a los ni\u00f1os. Estos j\u00f3venes, movidos por su esp\u00edritu solidario, se reunieron un d\u00eda para focalizar la idea, darle un nombre al proyecto y empezar a trabajar por el bienestar de su comunidad. Con el paso del tiempo, m\u00e1s personas se unieron, impulsando la creaci\u00f3n de proyectos sociales cada vez m\u00e1s grandes y con mayor impacto.<\/p><p>Gracias a su crecimiento y compromiso con la comunidad, la fundaci\u00f3n pas\u00f3 a ser legalmente constituida como una organizaci\u00f3n no gubernamental, sin \u00e1nimo de lucro, apol\u00edtica y de utilidad com\u00fan, regida por el derecho privado y orientada a la gesti\u00f3n de proyectos sociales, ambientales, jur\u00eddicos y de emprendimiento.<\/p><p>Su prop\u00f3sito central es proteger la vida y fomentar el desarrollo sostenible, mediante acciones solidarias y programas de apoyo dirigidos a poblaciones vulnerables, tales como la infancia, juventud, adultos mayores, madres cabeza de hogar, personas con discapacidad y v\u00edctimas del conflicto armado.<\/p>\t\t\t\t\t\t\t\t<\/div>\n\t\t\t\t<\/div>\n\t\t\t\t\t<\/div>\n\t\t\t\t<\/div>\n\t\t<div class=\"elementor-element elementor-element-7a2777b e-con-full e-flex e-con e-parent\" data-id=\"7a2777b\" data-element_type=\"container\">\n\t\t\t\t<div class=\"elementor-element elementor-element-625770a elementor-widget elementor-widget-charifund-theme-accordion-widget\" data-id=\"625770a\" data-element_type=\"widget\" data-widget_type=\"charifund-theme-accordion-widget.default\">\n\t\t\t\t<div class=\"elementor-widget-container\">\n\t\t\t\t\t\r\n\r\n<section class=\"faq\">\r\n\t<div class=\"container\">\r\n\t\t<div class=\"row align-items-center\">\r\n\t\t\t<div class=\"col-12 col-lg-8 col-xl-6\">\r\n\t\t\t\t<div class=\"faq__content\">\r\n\t\t\t\t<div class=\"section__content\">\r\n\t\t\t\t\t<span class=\"sub-title\"><i class=\"icon-donation\"><\/i>Tus manos, pueden ayudar<\/span>\r\n\t\t\t\t\t<h2 class=\"title-animation\">Preguntas <span>Frecuentes<\/span> <\/h2>\r\n\t\t\t\t<\/div>\r\n\t\t\t\t<div class=\"faq__content-inner cta\">\r\n\t\t\t\t\t<div class=\"accordion\" id=\"accordion\">\r\n\t\t\t\t\t\t\t\t\t\t\t\t<div class=\"accordion-item\">\r\n\t\t\t\t\t\t\t<h6 class=\"accordion-header\" id=\"headingOne0\">\r\n\t\t\t\t\t\t\t<button class=\"accordion-button collapsed\" type=\"button\" data-bs-toggle=\"collapse\"\r\n\t\t\t\t\t\t\t\tdata-bs-target=\"#collapseOne0\" aria-expanded=\"true\"\r\n\t\t\t\t\t\t\t\taria-controls=\"collapseOne0\">\r\n\t\t\t\t\t\t\t\t A quienes ayuda la fundaci\u00f3n\t\t\t\t\t\t\t<\/button>\r\n\t\t\t\t\t\t\t<\/h6>\r\n\t\t\t\t\t\t\t<div id=\"collapseOne0\" class=\"accordion-collapse collapse \"\r\n\t\t\t\t\t\t\taria-labelledby=\"headingOne0\" data-bs-parent=\"#accordion\">\r\n\t\t\t\t\t\t\t<div class=\"accordion-body\">\r\n\t\t\t\t\t\t\t\t<p>\r\n\t\t\t\t\t\t\t\t\tLa fundaci\u00f3n acompa\u00f1a a personas en situaci\u00f3n de vulnerabilidad en el sur de Colombia, incluyendo adultos mayores, familias en pobreza extrema, ni\u00f1os con necesidades b\u00e1sicas insatisfechas y personas afectadas por enfermedades, abandono o emergencias sociales.\t\t\t\t\t\t\t\t<\/p>\r\n\t\t\t\t\t\t\t<\/div>\r\n\t\t\t\t\t\t\t<\/div>\r\n\t\t\t\t\t\t<\/div>\r\n\t\t\t\t\t\t\t\t\t\t\t\t<div class=\"accordion-item\">\r\n\t\t\t\t\t\t\t<h6 class=\"accordion-header\" id=\"headingOne1\">\r\n\t\t\t\t\t\t\t<button class=\"accordion-button collapsed\" type=\"button\" data-bs-toggle=\"collapse\"\r\n\t\t\t\t\t\t\t\tdata-bs-target=\"#collapseOne1\" aria-expanded=\"true\"\r\n\t\t\t\t\t\t\t\taria-controls=\"collapseOne1\">\r\n\t\t\t\t\t\t\t\tC\u00f3mo puedo realizar una donaci\u00f3n?\t\t\t\t\t\t\t<\/button>\r\n\t\t\t\t\t\t\t<\/h6>\r\n\t\t\t\t\t\t\t<div id=\"collapseOne1\" class=\"accordion-collapse collapse show\"\r\n\t\t\t\t\t\t\taria-labelledby=\"headingOne1\" data-bs-parent=\"#accordion\">\r\n\t\t\t\t\t\t\t<div class=\"accordion-body\">\r\n\t\t\t\t\t\t\t\t<p>\r\n\t\t\t\t\t\t\t\t\tPuedes donar a trav\u00e9s de transferencias bancarias, donaciones en especie (alimentos, ropa, insumos de aseo) o aportes peri\u00f3dicos. La fundaci\u00f3n ofrece canales seguros y verificados para que tu ayuda llegue directamente a quienes la necesitan.\nCuenta de ahorros Bancolombia: 195 922299-97\t\t\t\t\t\t\t\t<\/p>\r\n\t\t\t\t\t\t\t<\/div>\r\n\t\t\t\t\t\t\t<\/div>\r\n\t\t\t\t\t\t<\/div>\r\n\t\t\t\t\t\t\t\t\t\t\t\t<div class=\"accordion-item\">\r\n\t\t\t\t\t\t\t<h6 class=\"accordion-header\" id=\"headingOne2\">\r\n\t\t\t\t\t\t\t<button class=\"accordion-button collapsed\" type=\"button\" data-bs-toggle=\"collapse\"\r\n\t\t\t\t\t\t\t\tdata-bs-target=\"#collapseOne2\" aria-expanded=\"true\"\r\n\t\t\t\t\t\t\t\taria-controls=\"collapseOne2\">\r\n\t\t\t\t\t\t\t\tLa fundaci\u00f3n recibe voluntarios?\t\t\t\t\t\t\t<\/button>\r\n\t\t\t\t\t\t\t<\/h6>\r\n\t\t\t\t\t\t\t<div id=\"collapseOne2\" class=\"accordion-collapse collapse \"\r\n\t\t\t\t\t\t\taria-labelledby=\"headingOne2\" data-bs-parent=\"#accordion\">\r\n\t\t\t\t\t\t\t<div class=\"accordion-body\">\r\n\t\t\t\t\t\t\t\t<p>\r\n\t\t\t\t\t\t\t\t\tS\u00ed. Los voluntarios son esenciales. Puedes apoyar en jornadas de alimentaci\u00f3n, acompa\u00f1amiento a adultos mayores, actividades recreativas, clasificaci\u00f3n de donaciones o apoyo log\u00edstico. No se requiere experiencia previa, solo disposici\u00f3n y compromiso humano.\t\t\t\t\t\t\t\t<\/p>\r\n\t\t\t\t\t\t\t<\/div>\r\n\t\t\t\t\t\t\t<\/div>\r\n\t\t\t\t\t\t<\/div>\r\n\t\t\t\t\t\t\t\t\t\t\t\t<div class=\"accordion-item\">\r\n\t\t\t\t\t\t\t<h6 class=\"accordion-header\" id=\"headingOne3\">\r\n\t\t\t\t\t\t\t<button class=\"accordion-button collapsed\" type=\"button\" data-bs-toggle=\"collapse\"\r\n\t\t\t\t\t\t\t\tdata-bs-target=\"#collapseOne3\" aria-expanded=\"true\"\r\n\t\t\t\t\t\t\t\taria-controls=\"collapseOne3\">\r\n\t\t\t\t\t\t\t\tC\u00f3mo se garantiza el uso de los recursos?\t\t\t\t\t\t\t<\/button>\r\n\t\t\t\t\t\t\t<\/h6>\r\n\t\t\t\t\t\t\t<div id=\"collapseOne3\" class=\"accordion-collapse collapse \"\r\n\t\t\t\t\t\t\taria-labelledby=\"headingOne3\" data-bs-parent=\"#accordion\">\r\n\t\t\t\t\t\t\t<div class=\"accordion-body\">\r\n\t\t\t\t\t\t\t\t<p>\r\n\t\t\t\t\t\t\t\t\tLa fundaci\u00f3n cuenta con informes p\u00fablicos, registros de entregas, auditor\u00edas internas y reportes peri\u00f3dicos para garantizar que cada donaci\u00f3n sea usada de manera responsable, \u00e9tica y destinada exactamente a las familias y personas beneficiarias.\t\t\t\t\t\t\t\t<\/p>\r\n\t\t\t\t\t\t\t<\/div>\r\n\t\t\t\t\t\t\t<\/div>\r\n\t\t\t\t\t\t<\/div>\r\n\t\t\t\t\t\t\t\t\t\t\t<\/div>\r\n\t\t\t\t<\/div>\r\n\t\t\t\t<\/div>\r\n\t\t\t<\/div>\r\n\t\t\t<div class=\"col-12 col-lg-4 col-xl-5 offset-xl-1\">\r\n\t\t\t\t<div class=\"faq__thumb d-none d-lg-block\">\r\n\t\t\t\t<div class=\"faq__thumb-inner\">\r\n\t\t\t\t\t<div class=\"thumb-lg\">\r\n\t\t\t\t\t   \r\n\t\t\t\t\t\t<img decoding=\"async\" src=\"https:\/\/funmanosqueayudan.org\/wp-content\/uploads\/2025\/11\/home-sonrisas.webp\" alt=\"\"\/>\r\n\t\t\t\t\t\t\t\t\t\t<\/div>\r\n\t\t\t\t\t<div class=\"thumb-sm\">\r\n\t\t\t\t\t   \r\n\t\t\t\t\t\t<img decoding=\"async\" src=\"https:\/\/funmanosqueayudan.org\/wp-content\/uploads\/2025\/11\/album-home-4.webp\" alt=\"\"\/>\r\n\t\t\t\t\t\t\t\t\t\t<\/div>\r\n\t\t\t\t<\/div>\r\n\t\t\t\t<\/div>\r\n\t\t\t<\/div>\r\n\t\t<\/div>\r\n\t<\/div>\r\n\t<div class=\"shape d-none d-lg-block\">\r\n\t   \r\n\t\t<img decoding=\"async\" src=\"https:\/\/funmanosqueayudan.org\/wp-content\/uploads\/2025\/01\/shape-4.png\" alt=\"\"\/>\r\n\t\t<\/div>\r\n\t<\/section>\r\n\r\n\r\n             \r\n\t\t\t\t\t\t<\/div>\n\t\t\t\t<\/div>\n\t\t\t\t<\/div>\n\t\t<div class=\"elementor-element elementor-element-274d0c8 e-con-full e-flex e-con e-parent\" data-id=\"274d0c8\" data-element_type=\"container\">\n\t\t\t\t<div class=\"elementor-element elementor-element-7c46581 elementor-widget elementor-widget-charifund-contact-form-widget\" data-id=\"7c46581\" data-element_type=\"widget\" data-widget_type=\"charifund-contact-form-widget.default\">\n\t\t\t\t<div class=\"elementor-widget-container\">\n\t\t\t\t\t\n\n\t\n\n\t<section class=\"contact home-3-contact-form\">\n\t\t<div class=\"container\">\n\t\t\t<div class=\"row justify-content-end\">\n\t\t\t\t<div class=\"col-12 col-md-10 col-xl-7\">\n\t\t\t\t\t<div class=\"contact__content\">\n\t\t\t\t\t<div class=\"section__content\">\n\t\t\t\t\t\t\t\t\t\t\t\t<span class=\"sub-title\"><i class=\"icon-donation\"><\/i>Dona para la gente<\/span>\n\t\t\t\t\t\t\t\t\t\t\t\t<h2 class=\"title-animation\">Envienos su  <span>mensaje<\/span> <\/h2>\n\n\t\t\t\t\t<\/div>\n\t\t\t\t\t\t\n\t\t\t\t\t<div class=\"contact__form cta\">\n\t\t\t\t\t\t\n<div class=\"wpcf7 no-js\" id=\"wpcf7-f776-o1\" lang=\"en-US\" dir=\"ltr\" data-wpcf7-id=\"776\">\n<div class=\"screen-reader-response\"><p role=\"status\" aria-live=\"polite\" aria-atomic=\"true\"><\/p> <ul><\/ul><\/div>\n<form action=\"\/index.php\/wp-json\/wp\/v2\/pages\/780#wpcf7-f776-o1\" method=\"post\" class=\"wpcf7-form init\" aria-label=\"Contact form\" novalidate=\"novalidate\" data-status=\"init\">\n<fieldset class=\"hidden-fields-container\"><input type=\"hidden\" name=\"_wpcf7\" value=\"776\" \/><input type=\"hidden\" name=\"_wpcf7_version\" value=\"6.1.3\" \/><input type=\"hidden\" name=\"_wpcf7_locale\" value=\"en_US\" \/><input type=\"hidden\" name=\"_wpcf7_unit_tag\" value=\"wpcf7-f776-o1\" \/><input type=\"hidden\" name=\"_wpcf7_container_post\" value=\"0\" \/><input type=\"hidden\" name=\"_wpcf7_posted_data_hash\" value=\"\" \/>\n<\/fieldset>\n<div class=\"input-single home--10\">\n   <span class=\"wpcf7-form-control-wrap\" data-name=\"text-933\"><input size=\"40\" maxlength=\"400\" class=\"wpcf7-form-control wpcf7-text\" aria-invalid=\"false\" placeholder=\"su nombre...\" value=\"\" type=\"text\" name=\"text-933\" \/><\/span>\n   <i class=\"fa-solid fa-user\"><\/i>\n<\/div> \n<div class=\"input-group\" >\n  \n<div class=\"input-single home--10\">\n      <span class=\"wpcf7-form-control-wrap\" data-name=\"email-401\"><input size=\"40\" maxlength=\"400\" class=\"wpcf7-form-control wpcf7-email wpcf7-text wpcf7-validates-as-email\" aria-invalid=\"false\" placeholder=\"su email...\" value=\"\" type=\"email\" name=\"email-401\" \/><\/span>\n      <i class=\"fa-solid fa-paper-plane\"><\/i>\n   <\/div>\n   <div class=\"input-single home--10\">\n      <span class=\"wpcf7-form-control-wrap\" data-name=\"tel-833\"><input size=\"40\" maxlength=\"400\" class=\"wpcf7-form-control wpcf7-tel wpcf7-text wpcf7-validates-as-tel\" aria-invalid=\"false\" placeholder=\"su celular...\" value=\"\" type=\"tel\" name=\"tel-833\" \/><\/span>\n      <i class=\"fa-solid fa-phone\"><\/i>\n   <\/div>\n<\/div>\n\n<div class=\"input-single alter-input home--10\">\n   <span class=\"wpcf7-form-control-wrap\" data-name=\"textarea-604\"><textarea cols=\"40\" rows=\"10\" maxlength=\"2000\" class=\"wpcf7-form-control wpcf7-textarea\" aria-invalid=\"false\" placeholder=\"su mensaje...\" name=\"textarea-604\"><\/textarea><\/span>\n   <i class=\"fa-solid fa-envelope\"><\/i>\n<\/div>\n<div class=\"form-cta\">\n   <button type=\"submit\" aria-label=\"submit message\" title=\"submit message\"\n      class=\"btn--primary\">Enviar <i class=\"fa-solid fa-arrow-right\"><\/i><\/button>\n<\/div><div class=\"wpcf7-response-output\" aria-hidden=\"true\"><\/div>\n<\/form>\n<\/div>\n\t\t\t\t\t<\/div>\n\t\t\t\t\t<\/div>\n\t\t\t\t<\/div>\n\t\t\t<\/div>\n\t\t<\/div>\n\t\t<div class=\"contact-bg\">\n\t\t\t   \n\t\t\t\t<img decoding=\"async\" class=\"parallax-image\" src=\"https:\/\/funmanosqueayudan.org\/wp-content\/uploads\/2025\/11\/formulario-contacto-2.webp\" alt=\"\"\/>\n\t\t\t\t\t<\/div>\n\t\t<div class=\"shape-left\">\n\t\t\t   \n\t\t\t\t<img decoding=\"async\" class=\"base-img\" src=\"https:\/\/funmanosqueayudan.org\/wp-content\/uploads\/2025\/01\/shape-left.png\" alt=\"\"\/>\n\t\t\t\t\t<\/div>\n\t\t<\/section>\n\n\t\t\n             \n\t\t\t\t\t\t<\/div>\n\t\t\t\t<\/div>\n\t\t\t\t<\/div>\n\t\t\t\t<\/div>\n\t\t","protected":false},"excerpt":{"rendered":"<p>Fundaci\u00f3n Manos que ayudan Nuestro Logo Significado logotipo oficial El logotipo de la Fundaci\u00f3n Manos que Ayudan Protegiendo la Vida representa la solidaridad, inclusi\u00f3n y trabajo en equipo. Las manos de distintos colores simbolizan la diversidad, la uni\u00f3n y la ayuda mutua entre personas de todas las edades y condiciones sociales. El texto circular o<\/p>\n","protected":false},"author":1,"featured_media":0,"parent":0,"menu_order":0,"comment_status":"closed","ping_status":"closed","template":"elementor_header_footer","meta":{"give_campaign_id":0,"inline_featured_image":false,"ngg_post_thumbnail":0,"footnotes":""},"class_list":["post-780","page","type-page","status-publish","hentry"],"campaignId":"","_links":{"self":[{"href":"https:\/\/funmanosqueayudan.org\/index.php\/wp-json\/wp\/v2\/pages\/780","targetHints":{"allow":["GET"]}}],"collection":[{"href":"https:\/\/funmanosqueayudan.org\/index.php\/wp-json\/wp\/v2\/pages"}],"about":[{"href":"https:\/\/funmanosqueayudan.org\/index.php\/wp-json\/wp\/v2\/types\/page"}],"author":[{"embeddable":true,"href":"https:\/\/funmanosqueayudan.org\/index.php\/wp-json\/wp\/v2\/users\/1"}],"replies":[{"embeddable":true,"href":"https:\/\/funmanosqueayudan.org\/index.php\/wp-json\/wp\/v2\/comments?post=780"}],"version-history":[{"count":66,"href":"https:\/\/funmanosqueayudan.org\/index.php\/wp-json\/wp\/v2\/pages\/780\/revisions"}],"predecessor-version":[{"id":8722,"href":"https:\/\/funmanosqueayudan.org\/index.php\/wp-json\/wp\/v2\/pages\/780\/revisions\/8722"}],"wp:attachment":[{"href":"https:\/\/funmanosqueayudan.org\/index.php\/wp-json\/wp\/v2\/media?parent=780"}],"curies":[{"name":"wp","href":"https:\/\/api.w.org\/{rel}","templated":true}]}}